{"id":15596,"date":"2021-05-04T10:36:39","date_gmt":"2021-05-04T08:36:39","guid":{"rendered":"https:\/\/ardennesclotures.be\/treillis\/"},"modified":"2021-10-15T13:05:38","modified_gmt":"2021-10-15T11:05:38","slug":"afrastering","status":"publish","type":"page","link":"https:\/\/ardennesclotures.be\/nl\/afrastering\/","title":{"rendered":"Afrastering"},"content":{"rendered":"\t\t<div data-elementor-type=\"wp-page\" data-elementor-id=\"15596\" class=\"elementor elementor-15596 elementor-10323\" data-elementor-post-type=\"page\">\n\t\t\t\t\t\t<section class=\"elementor-section elementor-top-section elementor-element elementor-element-3cbb060d elementor-section-boxed elementor-section-height-default elementor-section-height-default\" data-id=\"3cbb060d\" data-element_type=\"section\">\n\t\t\t\t\t\t<div class=\"elementor-container elementor-column-gap-default\">\n\t\t\t\t\t<div class=\"elementor-column elementor-col-100 elementor-top-column elementor-element elementor-element-6da681a7\" data-id=\"6da681a7\" data-element_type=\"column\">\n\t\t\t<div class=\"elementor-widget-wrap elementor-element-populated\">\n\t\t\t\t\t\t<div class=\"elementor-element elementor-element-47383a4 elementor-widget elementor-widget-text-editor\" data-id=\"47383a4\" data-element_type=\"widget\" data-widget_type=\"text-editor.default\">\n\t\t\t\t<div class=\"elementor-widget-container\">\n\t\t\t\t\t\t\t\t\t<img fetchpriority=\"high\" decoding=\"async\" src=\"https:\/\/ardennesclotures.be\/wp-content\/uploads\/2021\/07\/AC-treillis.jpg\" sizes=\"(max-width: 424px) 100vw, 424px\" srcset=\"https:\/\/ardennesclotures.be\/wp-content\/uploads\/2021\/07\/AC-treillis.jpg 424w, https:\/\/ardennesclotures.be\/wp-content\/uploads\/2021\/07\/AC-treillis-300x300.jpg 300w, https:\/\/ardennesclotures.be\/wp-content\/uploads\/2021\/07\/AC-treillis-150x150.jpg 150w, https:\/\/ardennesclotures.be\/wp-content\/uploads\/2021\/07\/AC-treillis-100x100.jpg 100w\" alt=\"\" width=\"424\" height=\"424\" \/>\n<a data-tippy-content=\"&lt;p&gt;Entraxe de 3m&lt;\/p&gt;\" data-tippy=\"\" data-tippy-placement=\"top\" data-tippy-animation=\"shift-toward\" data-tippy-arrow=\"true\">\n<\/a>\n\n<a data-tippy-content=\"&lt;p&gt;Entraxe de 3m&lt;\/p&gt;\" data-tippy=\"\" data-tippy-placement=\"top\" data-tippy-animation=\"shift-toward\" data-tippy-arrow=\"true\"> <style type=\"text\/css\">\n\t.st0{fill:#FFFFFF;}<br \/>\n\t.st1{fill:#1A1A1A;}<br \/>\n<\/style> <\/a>\n\n<a data-tippy-content=\"&lt;p&gt;Entraxe de 3m&lt;\/p&gt;\" data-tippy=\"\" data-tippy-placement=\"top\" data-tippy-animation=\"shift-toward\" data-tippy-arrow=\"true\">\n\n\n<\/a>\n<a data-tippy-content=\"&lt;p&gt;Maille de 50x50&lt;\/p&gt;\" data-tippy=\"\" data-tippy-placement=\"top\" data-tippy-animation=\"shift-toward\" data-tippy-arrow=\"true\">\n<\/a>\n\n<a data-tippy-content=\"&lt;p&gt;Maille de 50x50&lt;\/p&gt;\" data-tippy=\"\" data-tippy-placement=\"top\" data-tippy-animation=\"shift-toward\" data-tippy-arrow=\"true\"> <style type=\"text\/css\">\n\t.st0{fill:#FFFFFF;}<br \/>\n\t.st1{fill:#1A1A1A;}<br \/>\n<\/style> <\/a>\n\n<a data-tippy-content=\"&lt;p&gt;Maille de 50x50&lt;\/p&gt;\" data-tippy=\"\" data-tippy-placement=\"top\" data-tippy-animation=\"shift-toward\" data-tippy-arrow=\"true\">\n\n\n<\/a>\n<a data-tippy-content=\"&lt;p&gt;Lisse tubulaire&lt;\/p&gt;\" data-tippy=\"\" data-tippy-placement=\"top\" data-tippy-animation=\"shift-toward\" data-tippy-arrow=\"true\">\n<\/a>\n\n<a data-tippy-content=\"&lt;p&gt;Lisse tubulaire&lt;\/p&gt;\" data-tippy=\"\" data-tippy-placement=\"top\" data-tippy-animation=\"shift-toward\" data-tippy-arrow=\"true\"> <style type=\"text\/css\">\n\t.st0{fill:#FFFFFF;}<br \/>\n\t.st1{fill:#1A1A1A;}<br \/>\n<\/style> <\/a>\n\n<a data-tippy-content=\"&lt;p&gt;Lisse tubulaire&lt;\/p&gt;\" data-tippy=\"\" data-tippy-placement=\"top\" data-tippy-animation=\"shift-toward\" data-tippy-arrow=\"true\">\n\n\n<\/a>\n<a data-tippy-content=\"&lt;p&gt;Treillis \u00e0 mailles losange&lt;\/p&gt;\" data-tippy=\"\" data-tippy-placement=\"top\" data-tippy-animation=\"shift-toward\" data-tippy-arrow=\"true\">\n<\/a>\n\n<a data-tippy-content=\"&lt;p&gt;Treillis \u00e0 mailles losange&lt;\/p&gt;\" data-tippy=\"\" data-tippy-placement=\"top\" data-tippy-animation=\"shift-toward\" data-tippy-arrow=\"true\"> <style type=\"text\/css\">\n\t.st0{fill:#FFFFFF;}<br \/>\n\t.st1{fill:#1A1A1A;}<br \/>\n<\/style> <\/a>\n\n<a data-tippy-content=\"&lt;p&gt;Treillis \u00e0 mailles losange&lt;\/p&gt;\" data-tippy=\"\" data-tippy-placement=\"top\" data-tippy-animation=\"shift-toward\" data-tippy-arrow=\"true\">\n\n\n<\/a>\n<a data-tippy-content=\"&lt;p&gt;Option : bavolet droit compos\u00e9 de 3 rangs de ronces&lt;\/p&gt;\" data-tippy=\"\" data-tippy-placement=\"top\" data-tippy-animation=\"shift-toward\" data-tippy-arrow=\"true\">\n<\/a>\n\n<a data-tippy-content=\"&lt;p&gt;Option : bavolet droit compos\u00e9 de 3 rangs de ronces&lt;\/p&gt;\" data-tippy=\"\" data-tippy-placement=\"top\" data-tippy-animation=\"shift-toward\" data-tippy-arrow=\"true\"> <style type=\"text\/css\">\n\t.st0{fill:#FFFFFF;}<br \/>\n\t.st1{fill:#1A1A1A;}<br \/>\n<\/style> <\/a>\n\n<a data-tippy-content=\"&lt;p&gt;Option : bavolet droit compos\u00e9 de 3 rangs de ronces&lt;\/p&gt;\" data-tippy=\"\" data-tippy-placement=\"top\" data-tippy-animation=\"shift-toward\" data-tippy-arrow=\"true\">\n\n\n<\/a>\n<a data-tippy-content=\"&lt;p&gt;Pos\u00e9 sur platines ou b\u00e9tonn\u00e9 dans le sol&lt;\/p&gt;\" data-tippy=\"\" data-tippy-placement=\"top\" data-tippy-animation=\"shift-toward\" data-tippy-arrow=\"true\">\n<\/a>\n\n<a data-tippy-content=\"&lt;p&gt;Pos\u00e9 sur platines ou b\u00e9tonn\u00e9 dans le sol&lt;\/p&gt;\" data-tippy=\"\" data-tippy-placement=\"top\" data-tippy-animation=\"shift-toward\" data-tippy-arrow=\"true\"> <style type=\"text\/css\">\n\t.st0{fill:#FFFFFF;}<br \/>\n\t.st1{fill:#1A1A1A;}<br \/>\n<\/style> <\/a>\n\n<a data-tippy-content=\"&lt;p&gt;Pos\u00e9 sur platines ou b\u00e9tonn\u00e9 dans le sol&lt;\/p&gt;\" data-tippy=\"\" data-tippy-placement=\"top\" data-tippy-animation=\"shift-toward\" data-tippy-arrow=\"true\">\n\n\n<\/a>\n<h3>Afrastering<\/h3>\n<ul>\n \t<li style=\"list-style-type: none;\">\n<ul>\n \t<li><strong>Eigenschappen<\/strong>: Afrastering van topkwaliteit, met enkelvoudige twist en ruitvormige mazen. Ze wordt geplaatst en met spandraad opgebonden langs de palen.<\/li>\n<\/ul>\n<\/li>\n<\/ul>\n<ul>\n \t<li style=\"list-style-type: none;\">\n<ul>\n \t<li><strong>Voordeel<\/strong>: Dit is een vormvast, multifunctioneel afsluitingssysteem, soepel en stevig. De afrastering heeft nog een andere, niet te verwaarlozen troef: ze is geschikt voor elk terreintype (hellingen, onregelmatig terrein). Op het traliewerk met enkelvoudige twist kan ook een ondoorzichtige laag worden aangebracht (pvc-lamellen).<\/li>\n \t<li><strong>Mogelijkheden<\/strong>: Er bestaat ook een assortiment van gaaswerk met mazen van 50 x 50 mm tot 100 x 50 mm (Fortinet, Pantenet, Ursus).<\/li>\n \t<li><strong>Opties<\/strong>: Betonnen onderbouw, schuine opzetstukken met drie rijen prikkeldraad, Concertina, ElectricFence, ondoorzichtige lamellen, mat zeil.<\/li>\n \t<li><strong>Toepassing<\/strong>: Hekwerk wordt wijdverspreid gebruikt in de industri\u00eble en openbare sector. Intussen is het ontwerp gemoderniseerd en wordt het ook bij particulieren geplaatst.<\/li>\n \t<li><strong>Garantie<\/strong> : Tien jaar anti-corrosie .<\/li>\n<\/ul>\n<\/li>\n<\/ul>\n<h3>Onze producten<\/h3>\t\t\t\t\t\t\t\t<\/div>\n\t\t\t\t<\/div>\n\t\t\t\t\t<\/div>\n\t\t<\/div>\n\t\t\t\t\t<\/div>\n\t\t<\/section>\n\t\t\t\t<\/div>\n\t\t","protected":false},"excerpt":{"rendered":"<p>Afrastering Eigenschappen: Afrastering van topkwaliteit, met enkelvoudige twist en ruitvormige mazen. Ze wordt geplaatst en met spandraad opgebonden langs de palen. Voordeel: Dit is een vormvast, multifunctioneel afsluitingssysteem, soepel en stevig. De afrastering heeft nog een andere, niet te verwaarlozen troef: ze is geschikt voor elk terreintype (hellingen, onregelmatig terrein). Op het traliewerk met enkelvoudige&#8230;<\/p>\n","protected":false},"author":6,"featured_media":13772,"parent":0,"menu_order":0,"comment_status":"closed","ping_status":"closed","template":"","meta":{"_acf_changed":false,"_exactmetrics_skip_tracking":false,"_exactmetrics_sitenote_active":false,"_exactmetrics_sitenote_note":"","_exactmetrics_sitenote_category":0,"footnotes":""},"class_list":["post-15596","page","type-page","status-publish","has-post-thumbnail","hentry"],"acf":[],"yoast_head":"<!-- This site is optimized with the Yoast SEO plugin v27.3 - https:\/\/yoast.com\/product\/yoast-seo-wordpress\/ -->\n<title>Afrastering - Ardennes Cl\u00f4tures<\/title>\n<meta name=\"robots\" content=\"index, follow, max-snippet:-1, max-image-preview:large, max-video-preview:-1\" \/>\n<link rel=\"canonical\" href=\"https:\/\/ardennesclotures.be\/nl\/afrastering\/\" \/>\n<meta property=\"og:locale\" content=\"nl_NL\" \/>\n<meta property=\"og:type\" content=\"article\" \/>\n<meta property=\"og:title\" content=\"Afrastering - Ardennes Cl\u00f4tures\" \/>\n<meta property=\"og:description\" content=\"Afrastering Eigenschappen: Afrastering van topkwaliteit, met enkelvoudige twist en ruitvormige mazen. Ze wordt geplaatst en met spandraad opgebonden langs de palen. Voordeel: Dit is een vormvast, multifunctioneel afsluitingssysteem, soepel en stevig. De afrastering heeft nog een andere, niet te verwaarlozen troef: ze is geschikt voor elk terreintype (hellingen, onregelmatig terrein). Op het traliewerk met enkelvoudige...\" \/>\n<meta property=\"og:url\" content=\"https:\/\/ardennesclotures.be\/nl\/afrastering\/\" \/>\n<meta property=\"og:site_name\" content=\"Ardennes Cl\u00f4tures\" \/>\n<meta property=\"article:modified_time\" content=\"2021-10-15T11:05:38+00:00\" \/>\n<meta property=\"og:image\" content=\"https:\/\/ardennesclotures.be\/wp-content\/uploads\/2021\/04\/Cloture-Uni.jpg\" \/>\n\t<meta property=\"og:image:width\" content=\"831\" \/>\n\t<meta property=\"og:image:height\" content=\"563\" \/>\n\t<meta property=\"og:image:type\" content=\"image\/jpeg\" \/>\n<meta name=\"twitter:card\" content=\"summary_large_image\" \/>\n<meta name=\"twitter:label1\" content=\"Geschatte leestijd\" \/>\n\t<meta name=\"twitter:data1\" content=\"1 minuut\" \/>\n<script type=\"application\/ld+json\" class=\"yoast-schema-graph\">{\"@context\":\"https:\\\/\\\/schema.org\",\"@graph\":[{\"@type\":\"WebPage\",\"@id\":\"https:\\\/\\\/ardennesclotures.be\\\/nl\\\/afrastering\\\/\",\"url\":\"https:\\\/\\\/ardennesclotures.be\\\/nl\\\/afrastering\\\/\",\"name\":\"Afrastering - Ardennes Cl\u00f4tures\",\"isPartOf\":{\"@id\":\"https:\\\/\\\/ardennesclotures.be\\\/nl\\\/#website\"},\"primaryImageOfPage\":{\"@id\":\"https:\\\/\\\/ardennesclotures.be\\\/nl\\\/afrastering\\\/#primaryimage\"},\"image\":{\"@id\":\"https:\\\/\\\/ardennesclotures.be\\\/nl\\\/afrastering\\\/#primaryimage\"},\"thumbnailUrl\":\"https:\\\/\\\/ardennesclotures.be\\\/wp-content\\\/uploads\\\/2021\\\/04\\\/Cloture-Uni.jpg\",\"datePublished\":\"2021-05-04T08:36:39+00:00\",\"dateModified\":\"2021-10-15T11:05:38+00:00\",\"breadcrumb\":{\"@id\":\"https:\\\/\\\/ardennesclotures.be\\\/nl\\\/afrastering\\\/#breadcrumb\"},\"inLanguage\":\"nl-NL\",\"potentialAction\":[{\"@type\":\"ReadAction\",\"target\":[\"https:\\\/\\\/ardennesclotures.be\\\/nl\\\/afrastering\\\/\"]}]},{\"@type\":\"ImageObject\",\"inLanguage\":\"nl-NL\",\"@id\":\"https:\\\/\\\/ardennesclotures.be\\\/nl\\\/afrastering\\\/#primaryimage\",\"url\":\"https:\\\/\\\/ardennesclotures.be\\\/wp-content\\\/uploads\\\/2021\\\/04\\\/Cloture-Uni.jpg\",\"contentUrl\":\"https:\\\/\\\/ardennesclotures.be\\\/wp-content\\\/uploads\\\/2021\\\/04\\\/Cloture-Uni.jpg\",\"width\":831,\"height\":563},{\"@type\":\"BreadcrumbList\",\"@id\":\"https:\\\/\\\/ardennesclotures.be\\\/nl\\\/afrastering\\\/#breadcrumb\",\"itemListElement\":[{\"@type\":\"ListItem\",\"position\":1,\"name\":\"Home\",\"item\":\"https:\\\/\\\/ardennesclotures.be\\\/nl\\\/\"},{\"@type\":\"ListItem\",\"position\":2,\"name\":\"Afrastering\"}]},{\"@type\":\"WebSite\",\"@id\":\"https:\\\/\\\/ardennesclotures.be\\\/nl\\\/#website\",\"url\":\"https:\\\/\\\/ardennesclotures.be\\\/nl\\\/\",\"name\":\"Ardennes Cl\u00f4tures\",\"description\":\"\",\"potentialAction\":[{\"@type\":\"SearchAction\",\"target\":{\"@type\":\"EntryPoint\",\"urlTemplate\":\"https:\\\/\\\/ardennesclotures.be\\\/nl\\\/?s={search_term_string}\"},\"query-input\":{\"@type\":\"PropertyValueSpecification\",\"valueRequired\":true,\"valueName\":\"search_term_string\"}}],\"inLanguage\":\"nl-NL\"}]}<\/script>\n<!-- \/ Yoast SEO plugin. -->","yoast_head_json":{"title":"Afrastering - Ardennes Cl\u00f4tures","robots":{"index":"index","follow":"follow","max-snippet":"max-snippet:-1","max-image-preview":"max-image-preview:large","max-video-preview":"max-video-preview:-1"},"canonical":"https:\/\/ardennesclotures.be\/nl\/afrastering\/","og_locale":"nl_NL","og_type":"article","og_title":"Afrastering - Ardennes Cl\u00f4tures","og_description":"Afrastering Eigenschappen: Afrastering van topkwaliteit, met enkelvoudige twist en ruitvormige mazen. Ze wordt geplaatst en met spandraad opgebonden langs de palen. Voordeel: Dit is een vormvast, multifunctioneel afsluitingssysteem, soepel en stevig. De afrastering heeft nog een andere, niet te verwaarlozen troef: ze is geschikt voor elk terreintype (hellingen, onregelmatig terrein). Op het traliewerk met enkelvoudige...","og_url":"https:\/\/ardennesclotures.be\/nl\/afrastering\/","og_site_name":"Ardennes Cl\u00f4tures","article_modified_time":"2021-10-15T11:05:38+00:00","og_image":[{"width":831,"height":563,"url":"https:\/\/ardennesclotures.be\/wp-content\/uploads\/2021\/04\/Cloture-Uni.jpg","type":"image\/jpeg"}],"twitter_card":"summary_large_image","twitter_misc":{"Geschatte leestijd":"1 minuut"},"schema":{"@context":"https:\/\/schema.org","@graph":[{"@type":"WebPage","@id":"https:\/\/ardennesclotures.be\/nl\/afrastering\/","url":"https:\/\/ardennesclotures.be\/nl\/afrastering\/","name":"Afrastering - Ardennes Cl\u00f4tures","isPartOf":{"@id":"https:\/\/ardennesclotures.be\/nl\/#website"},"primaryImageOfPage":{"@id":"https:\/\/ardennesclotures.be\/nl\/afrastering\/#primaryimage"},"image":{"@id":"https:\/\/ardennesclotures.be\/nl\/afrastering\/#primaryimage"},"thumbnailUrl":"https:\/\/ardennesclotures.be\/wp-content\/uploads\/2021\/04\/Cloture-Uni.jpg","datePublished":"2021-05-04T08:36:39+00:00","dateModified":"2021-10-15T11:05:38+00:00","breadcrumb":{"@id":"https:\/\/ardennesclotures.be\/nl\/afrastering\/#breadcrumb"},"inLanguage":"nl-NL","potentialAction":[{"@type":"ReadAction","target":["https:\/\/ardennesclotures.be\/nl\/afrastering\/"]}]},{"@type":"ImageObject","inLanguage":"nl-NL","@id":"https:\/\/ardennesclotures.be\/nl\/afrastering\/#primaryimage","url":"https:\/\/ardennesclotures.be\/wp-content\/uploads\/2021\/04\/Cloture-Uni.jpg","contentUrl":"https:\/\/ardennesclotures.be\/wp-content\/uploads\/2021\/04\/Cloture-Uni.jpg","width":831,"height":563},{"@type":"BreadcrumbList","@id":"https:\/\/ardennesclotures.be\/nl\/afrastering\/#breadcrumb","itemListElement":[{"@type":"ListItem","position":1,"name":"Home","item":"https:\/\/ardennesclotures.be\/nl\/"},{"@type":"ListItem","position":2,"name":"Afrastering"}]},{"@type":"WebSite","@id":"https:\/\/ardennesclotures.be\/nl\/#website","url":"https:\/\/ardennesclotures.be\/nl\/","name":"Ardennes Cl\u00f4tures","description":"","potentialAction":[{"@type":"SearchAction","target":{"@type":"EntryPoint","urlTemplate":"https:\/\/ardennesclotures.be\/nl\/?s={search_term_string}"},"query-input":{"@type":"PropertyValueSpecification","valueRequired":true,"valueName":"search_term_string"}}],"inLanguage":"nl-NL"}]}},"_links":{"self":[{"href":"https:\/\/ardennesclotures.be\/nl\/wp-json\/wp\/v2\/pages\/15596","targetHints":{"allow":["GET"]}}],"collection":[{"href":"https:\/\/ardennesclotures.be\/nl\/wp-json\/wp\/v2\/pages"}],"about":[{"href":"https:\/\/ardennesclotures.be\/nl\/wp-json\/wp\/v2\/types\/page"}],"author":[{"embeddable":true,"href":"https:\/\/ardennesclotures.be\/nl\/wp-json\/wp\/v2\/users\/6"}],"replies":[{"embeddable":true,"href":"https:\/\/ardennesclotures.be\/nl\/wp-json\/wp\/v2\/comments?post=15596"}],"version-history":[{"count":13,"href":"https:\/\/ardennesclotures.be\/nl\/wp-json\/wp\/v2\/pages\/15596\/revisions"}],"predecessor-version":[{"id":15909,"href":"https:\/\/ardennesclotures.be\/nl\/wp-json\/wp\/v2\/pages\/15596\/revisions\/15909"}],"wp:featuredmedia":[{"embeddable":true,"href":"https:\/\/ardennesclotures.be\/nl\/wp-json\/wp\/v2\/media\/13772"}],"wp:attachment":[{"href":"https:\/\/ardennesclotures.be\/nl\/wp-json\/wp\/v2\/media?parent=15596"}],"curies":[{"name":"wp","href":"https:\/\/api.w.org\/{rel}","templated":true}]}}