{"id":15989,"date":"2020-11-23T17:29:29","date_gmt":"2020-11-23T17:29:29","guid":{"rendered":"https:\/\/ardennesclotures.be\/contacts\/"},"modified":"2021-11-29T12:50:54","modified_gmt":"2021-11-29T11:50:54","slug":"contact","status":"publish","type":"page","link":"https:\/\/ardennesclotures.be\/nl\/contact\/","title":{"rendered":"Contact"},"content":{"rendered":"\t\t<div data-elementor-type=\"wp-page\" data-elementor-id=\"15989\" class=\"elementor elementor-15989 elementor-5043\" data-elementor-post-type=\"page\">\n\t\t\t\t\t\t<section class=\"elementor-section elementor-top-section elementor-element elementor-element-d3ef415 elementor-section-boxed elementor-section-height-default elementor-section-height-default\" data-id=\"d3ef415\" data-element_type=\"section\" data-settings=\"{&quot;background_background&quot;:&quot;classic&quot;}\">\n\t\t\t\t\t\t<div class=\"elementor-container elementor-column-gap-default\">\n\t\t\t\t\t<div class=\"elementor-column elementor-col-50 elementor-top-column elementor-element elementor-element-0677cbd\" data-id=\"0677cbd\" data-element_type=\"column\">\n\t\t\t<div class=\"elementor-widget-wrap elementor-element-populated\">\n\t\t\t\t\t\t<div class=\"elementor-element elementor-element-80fa84a elementor-widget elementor-widget-bdt-advanced-heading\" data-id=\"80fa84a\" data-element_type=\"widget\" data-widget_type=\"bdt-advanced-heading.default\">\n\t\t\t\t<div class=\"elementor-widget-container\">\n\t\t\t\t\t<div id =\"80fa84a\" class=\"bdt-advanced-heading\" data-settings=\"{&quot;titleMultiColor&quot;:&quot;no&quot;}\"><h3 class=\"bdt-heading-title\"><span class=\"bdt-main-heading\"><span class=\"bdt-main-heading-inner\">Contacteer ons<\/span><\/span><\/h3><\/div>\t\t\t\t<\/div>\n\t\t\t\t<\/div>\n\t\t\t\t<div class=\"elementor-element elementor-element-8e763bc elementor-widget elementor-widget-text-editor\" data-id=\"8e763bc\" data-element_type=\"widget\" data-widget_type=\"text-editor.default\">\n\t\t\t\t<div class=\"elementor-widget-container\">\n\t\t\t\t\t\t\t\t\t<p>Ardennes Cl\u00f4tures staat tot uw dienst!<\/p>\n\t\t\t\t\t\t\t\t<\/div>\n\t\t\t\t<\/div>\n\t\t\t\t<section class=\"elementor-section elementor-inner-section elementor-element elementor-element-9e373ea innerContact elementor-section-boxed elementor-section-height-default elementor-section-height-default\" data-id=\"9e373ea\" data-element_type=\"section\">\n\t\t\t\t\t\t<div class=\"elementor-container elementor-column-gap-default\">\n\t\t\t\t\t<div class=\"elementor-column elementor-col-100 elementor-inner-column elementor-element elementor-element-ecea854\" data-id=\"ecea854\" data-element_type=\"column\">\n\t\t\t<div class=\"elementor-widget-wrap elementor-element-populated\">\n\t\t\t\t\t\t<div class=\"elementor-element elementor-element-9d0526b elementor-widget elementor-widget-bdt-advanced-heading\" data-id=\"9d0526b\" data-element_type=\"widget\" data-widget_type=\"bdt-advanced-heading.default\">\n\t\t\t\t<div class=\"elementor-widget-container\">\n\t\t\t\t\t<div id =\"9d0526b\" class=\"bdt-advanced-heading\" data-settings=\"{&quot;titleMultiColor&quot;:&quot;no&quot;}\"><div class=\"bdt-sub-heading\"><div class=\"bdt-sub-heading-content\">Showroom<\/div><\/div> <div class=\"bdt-heading-title\"><span class=\"bdt-main-heading\"><span class=\"bdt-main-heading-inner\">Ardennes Cl\u00f4tures<\/span><\/span><\/div><\/div>\t\t\t\t<\/div>\n\t\t\t\t<\/div>\n\t\t\t\t<div class=\"elementor-element elementor-element-f680a42 elementor-position-left lnkContact bdt-icon-type-icon bdt-icon-effect-none elementor-widget elementor-widget-bdt-advanced-icon-box\" data-id=\"f680a42\" data-element_type=\"widget\" data-widget_type=\"bdt-advanced-icon-box.default\">\n\t\t\t\t<div class=\"elementor-widget-container\">\n\t\t\t\t\t\t\t<div class=\"bdt-advanced-icon-box\">\n\n\t\t\t\t\t\t\n\t\t\t<div class=\"bdt-advanced-icon-box-content\">\n\t\t\t\t\n\t\t\t\t\t\t\t\t\t\t\t<div class=\"bdt-icon-heading bdt-flex bdt-flex-middle\">\n\t\t\t\n\t\t\t\n\t\t\t\n\t\t\t\t\t\n\t\t\t\n\t\t\t<div class=\"bdt-icon-box-title-wrapper\">\n\n\t\t\t\t\n\n\t\t\t\t\t\t\t\t\t<div class=\"bdt-advanced-icon-box-sub-title\">\n\t\t\t\t\t\t\t\t\t\t\t<\/div>\n\t\t\t\t\t\t\t<\/div>\n\t\t<\/div>\n\t\t\t\t\t\t\n\t\t\t\t\n\t\t\t\t\t\t\t\t\t<div class=\"bdt-advanced-icon-box-description\">\n\t\t\t\t\t\t<p style=\"text-align: left;\"><a href=\"https:\/\/www.google.com\/maps\/place\/Rovert+1,+4731+Raeren\/@50.6804553,6.0786772,17z\/data=!3m1!4b1!4m5!3m4!1s0x47c084b6f4033deb:0x6934c1e6335090ec!8m2!3d50.6804553!4d6.0808659\">Rovert, 1A\u00a0<br \/>B-4731, Eynatten<\/a><\/p>\t\t\t\t\t<\/div>\n\t\t\t\t\n\t\t\t\t\t\t\t\t\t<a class=\"bdt-advanced-icon-box-readmore bdt-display-inline-block\" href=\"#\">\n\t\t\t\t\t\t\t\t\t\t\t\t\n\t\t\t\t\t\t\t\t\t\t\t<\/a>\n\t\t\t\t\t\t\t<\/div>\n\t\t<\/div>\n\n\t\t\n\t\t\n\t\t\t\t\t\t<\/div>\n\t\t\t\t<\/div>\n\t\t\t\t\t<\/div>\n\t\t<\/div>\n\t\t\t\t\t<\/div>\n\t\t<\/section>\n\t\t\t\t<section class=\"elementor-section elementor-inner-section elementor-element elementor-element-f33bc4e innerContact elementor-section-boxed elementor-section-height-default elementor-section-height-default\" data-id=\"f33bc4e\" data-element_type=\"section\">\n\t\t\t\t\t\t<div class=\"elementor-container elementor-column-gap-default\">\n\t\t\t\t\t<div class=\"elementor-column elementor-col-100 elementor-inner-column elementor-element elementor-element-9f18bcc\" data-id=\"9f18bcc\" data-element_type=\"column\">\n\t\t\t<div class=\"elementor-widget-wrap elementor-element-populated\">\n\t\t\t\t\t\t<div class=\"elementor-element elementor-element-02f5d5c elementor-widget elementor-widget-bdt-advanced-heading\" data-id=\"02f5d5c\" data-element_type=\"widget\" data-widget_type=\"bdt-advanced-heading.default\">\n\t\t\t\t<div class=\"elementor-widget-container\">\n\t\t\t\t\t<div id =\"02f5d5c\" class=\"bdt-advanced-heading\" data-settings=\"{&quot;titleMultiColor&quot;:&quot;no&quot;}\"><div class=\"bdt-sub-heading\"><div class=\"bdt-sub-heading-content\">Maatschappelijke zetel<\/div><\/div> <div class=\"bdt-heading-title\"><span class=\"bdt-main-heading\"><span class=\"bdt-main-heading-inner\">Ardennes Cl\u00f4tures<\/span><\/span><\/div><\/div>\t\t\t\t<\/div>\n\t\t\t\t<\/div>\n\t\t\t\t<div class=\"elementor-element elementor-element-009f33e elementor-position-left lnkContact bdt-icon-type-icon bdt-icon-effect-none elementor-widget elementor-widget-bdt-advanced-icon-box\" data-id=\"009f33e\" data-element_type=\"widget\" data-widget_type=\"bdt-advanced-icon-box.default\">\n\t\t\t\t<div class=\"elementor-widget-container\">\n\t\t\t\t\t\t\t<div class=\"bdt-advanced-icon-box\">\n\n\t\t\t\t\t\t\n\t\t\t<div class=\"bdt-advanced-icon-box-content\">\n\t\t\t\t\n\t\t\t\t\t\t\t\t\t\t\t<div class=\"bdt-icon-heading bdt-flex bdt-flex-middle\">\n\t\t\t\n\t\t\t\n\t\t\t\n\t\t\t\t\t\n\t\t\t\n\t\t\t<div class=\"bdt-icon-box-title-wrapper\">\n\n\t\t\t\t\n\n\t\t\t\t\t\t\t\t\t<div class=\"bdt-advanced-icon-box-sub-title\">\n\t\t\t\t\t\t\t\t\t\t\t<\/div>\n\t\t\t\t\t\t\t<\/div>\n\t\t<\/div>\n\t\t\t\t\t\t\n\t\t\t\t\n\t\t\t\t\t\t\t\t\t<div class=\"bdt-advanced-icon-box-description\">\n\t\t\t\t\t\t<p style=\"text-align: left;\"><a href=\"https:\/\/www.google.com\/maps\/place\/Rue+des+Wallons+44,+4840+Welkenraedt\/data=!4m2!3m1!1s0x47c08fa8196f0827:0x35dee7ad870eac21?sa=X&#038;ved=2ahUKEwjb6P2ohsHwAhWE8OAKHSt7AEsQ8gEwAHoECAgQAQ\">Rue des Wallons, 44<br \/>B-4840 Welkenraedt<\/a><\/p>\t\t\t\t\t<\/div>\n\t\t\t\t\n\t\t\t\t\t\t\t\t\t<a class=\"bdt-advanced-icon-box-readmore bdt-display-inline-block\" href=\"#\">\n\t\t\t\t\t\t\t\t\t\t\t\t\n\t\t\t\t\t\t\t\t\t\t\t<\/a>\n\t\t\t\t\t\t\t<\/div>\n\t\t<\/div>\n\n\t\t\n\t\t\n\t\t\t\t\t\t<\/div>\n\t\t\t\t<\/div>\n\t\t\t\t\t<\/div>\n\t\t<\/div>\n\t\t\t\t\t<\/div>\n\t\t<\/section>\n\t\t\t\t\t<\/div>\n\t\t<\/div>\n\t\t\t\t<div class=\"elementor-column elementor-col-50 elementor-top-column elementor-element elementor-element-128c4e9\" data-id=\"128c4e9\" data-element_type=\"column\">\n\t\t\t<div class=\"elementor-widget-wrap elementor-element-populated\">\n\t\t\t\t\t\t<section class=\"elementor-section elementor-inner-section elementor-element elementor-element-5287641 elementor-section-boxed elementor-section-height-default elementor-section-height-default\" data-id=\"5287641\" data-element_type=\"section\">\n\t\t\t\t\t\t<div class=\"elementor-container elementor-column-gap-default\">\n\t\t\t\t\t<div class=\"elementor-column elementor-col-100 elementor-inner-column elementor-element elementor-element-6d05b9c3\" data-id=\"6d05b9c3\" data-element_type=\"column\" data-settings=\"{&quot;background_background&quot;:&quot;classic&quot;}\">\n\t\t\t<div class=\"elementor-widget-wrap elementor-element-populated\">\n\t\t\t\t\t\t<div class=\"elementor-element elementor-element-5e8c9d34 elementor-widget elementor-widget-bdt-advanced-heading\" data-id=\"5e8c9d34\" data-element_type=\"widget\" data-widget_type=\"bdt-advanced-heading.default\">\n\t\t\t\t<div class=\"elementor-widget-container\">\n\t\t\t\t\t<div id =\"5e8c9d34\" class=\"bdt-advanced-heading\" data-settings=\"{&quot;titleMultiColor&quot;:&quot;no&quot;}\"><h2 class=\"bdt-heading-title\"><span class=\"bdt-main-heading\"><span class=\"bdt-main-heading-inner\">Een offerte aanvragen<\/span><\/span><\/h2><\/div>\t\t\t\t<\/div>\n\t\t\t\t<\/div>\n\t\t\t\t<div class=\"elementor-element elementor-element-49c8fb41 elementor-widget elementor-widget-text-editor\" data-id=\"49c8fb41\" data-element_type=\"widget\" data-widget_type=\"text-editor.default\">\n\t\t\t\t<div class=\"elementor-widget-container\">\n\t\t\t\t\t\t\t\t\t<p>Indien u een professioneel of particulier bent en een offerte wenst te ontvangen, gelieve dan onderstaand formulier in te vullen.<\/p>\t\t\t\t\t\t\t\t<\/div>\n\t\t\t\t<\/div>\n\t\t\t\t<div class=\"elementor-element elementor-element-3663196 elementor-align-center elementor-widget elementor-widget-button\" data-id=\"3663196\" data-element_type=\"widget\" data-widget_type=\"button.default\">\n\t\t\t\t<div class=\"elementor-widget-container\">\n\t\t\t\t\t\t\t\t\t<div class=\"elementor-button-wrapper\">\n\t\t\t\t\t<a class=\"elementor-button elementor-button-link elementor-size-sm\" href=\"https:\/\/ardennesclotures.be\/nl\/offerte-professionals\/\">\n\t\t\t\t\t\t<span class=\"elementor-button-content-wrapper\">\n\t\t\t\t\t\t\t\t\t<span class=\"elementor-button-text\">Professionals<\/span>\n\t\t\t\t\t<\/span>\n\t\t\t\t\t<\/a>\n\t\t\t\t<\/div>\n\t\t\t\t\t\t\t\t<\/div>\n\t\t\t\t<\/div>\n\t\t\t\t<div class=\"elementor-element elementor-element-3f254c3e elementor-align-center elementor-widget elementor-widget-button\" data-id=\"3f254c3e\" data-element_type=\"widget\" data-widget_type=\"button.default\">\n\t\t\t\t<div class=\"elementor-widget-container\">\n\t\t\t\t\t\t\t\t\t<div class=\"elementor-button-wrapper\">\n\t\t\t\t\t<a class=\"elementor-button elementor-button-link elementor-size-sm\" href=\"https:\/\/ardennesclotures.be\/nl\/offerte-particulieren\/\">\n\t\t\t\t\t\t<span class=\"elementor-button-content-wrapper\">\n\t\t\t\t\t\t\t\t\t<span class=\"elementor-button-text\">Particulieren<\/span>\n\t\t\t\t\t<\/span>\n\t\t\t\t\t<\/a>\n\t\t\t\t<\/div>\n\t\t\t\t\t\t\t\t<\/div>\n\t\t\t\t<\/div>\n\t\t\t\t\t<\/div>\n\t\t<\/div>\n\t\t\t\t\t<\/div>\n\t\t<\/section>\n\t\t\t\t<div class=\"elementor-element elementor-element-9c92721 elementor-widget elementor-widget-spacer\" data-id=\"9c92721\" data-element_type=\"widget\" data-widget_type=\"spacer.default\">\n\t\t\t\t<div class=\"elementor-widget-container\">\n\t\t\t\t\t\t\t<div class=\"elementor-spacer\">\n\t\t\t<div class=\"elementor-spacer-inner\"><\/div>\n\t\t<\/div>\n\t\t\t\t\t\t<\/div>\n\t\t\t\t<\/div>\n\t\t\t\t<section class=\"elementor-section elementor-inner-section elementor-element elementor-element-975fc2b elementor-section-boxed elementor-section-height-default elementor-section-height-default\" data-id=\"975fc2b\" data-element_type=\"section\">\n\t\t\t\t\t\t<div class=\"elementor-container elementor-column-gap-default\">\n\t\t\t\t\t<div class=\"elementor-column elementor-col-100 elementor-inner-column elementor-element elementor-element-4b30e1c\" data-id=\"4b30e1c\" data-element_type=\"column\">\n\t\t\t<div class=\"elementor-widget-wrap elementor-element-populated\">\n\t\t\t\t\t\t<div class=\"elementor-element elementor-element-690ea4ef elementor-widget elementor-widget-bdt-advanced-heading\" data-id=\"690ea4ef\" data-element_type=\"widget\" data-widget_type=\"bdt-advanced-heading.default\">\n\t\t\t\t<div class=\"elementor-widget-container\">\n\t\t\t\t\t<div id =\"690ea4ef\" class=\"bdt-advanced-heading\" data-settings=\"{&quot;titleMultiColor&quot;:&quot;no&quot;}\"><div class=\"bdt-sub-heading\"><div class=\"bdt-sub-heading-content\">Onze contactgegevens<\/div><\/div> <div class=\"bdt-heading-title\"><span class=\"bdt-main-heading\"><span class=\"bdt-main-heading-inner\">Ardennes Cl\u00f4tures<\/span><\/span><\/div><\/div>\t\t\t\t<\/div>\n\t\t\t\t<\/div>\n\t\t\t\t<div class=\"elementor-element elementor-element-1aba9be8 elementor-position-left lnkContact bdt-icon-type-icon bdt-icon-effect-none elementor-widget elementor-widget-bdt-advanced-icon-box\" data-id=\"1aba9be8\" data-element_type=\"widget\" data-widget_type=\"bdt-advanced-icon-box.default\">\n\t\t\t\t<div class=\"elementor-widget-container\">\n\t\t\t\t\t\t\t<div class=\"bdt-advanced-icon-box\">\n\n\t\t\t\t\t\t\n\t\t\t<div class=\"bdt-advanced-icon-box-content\">\n\t\t\t\t\n\t\t\t\t\t\t\t\t\t\t\t<div class=\"bdt-icon-heading bdt-flex bdt-flex-middle\">\n\t\t\t\n\t\t\t\n\t\t\t\n\t\t\t\t\t\n\t\t\t\n\t\t\t<div class=\"bdt-icon-box-title-wrapper\">\n\n\t\t\t\t\n\n\t\t\t\t\t\t\t\t\t<div class=\"bdt-advanced-icon-box-sub-title\">\n\t\t\t\t\t\t\t\t\t\t\t<\/div>\n\t\t\t\t\t\t\t<\/div>\n\t\t<\/div>\n\t\t\t\t\t\t\n\t\t\t\t\n\t\t\t\t\t\t\t\t\t<div class=\"bdt-advanced-icon-box-description\">\n\t\t\t\t\t\t<p>+32 (0) 87 85 81 00<br \/>info@ardennesclotures.be<\/p>\t\t\t\t\t<\/div>\n\t\t\t\t\n\t\t\t\t\t\t\t\t\t<a class=\"bdt-advanced-icon-box-readmore bdt-display-inline-block\" href=\"#\">\n\t\t\t\t\t\t\t\t\t\t\t\t\n\t\t\t\t\t\t\t\t\t\t\t<\/a>\n\t\t\t\t\t\t\t<\/div>\n\t\t<\/div>\n\n\t\t\n\t\t\n\t\t\t\t\t\t<\/div>\n\t\t\t\t<\/div>\n\t\t\t\t\t<\/div>\n\t\t<\/div>\n\t\t\t\t\t<\/div>\n\t\t<\/section>\n\t\t\t\t\t<\/div>\n\t\t<\/div>\n\t\t\t\t\t<\/div>\n\t\t<\/section>\n\t\t\t\t<section class=\"elementor-section elementor-top-section elementor-element elementor-element-a2c35e2 elementor-section-full_width elementor-section-stretched elementor-section-height-default elementor-section-height-default\" data-id=\"a2c35e2\" data-element_type=\"section\" data-settings=\"{&quot;stretch_section&quot;:&quot;section-stretched&quot;}\">\n\t\t\t\t\t\t<div class=\"elementor-container elementor-column-gap-default\">\n\t\t\t\t\t<div class=\"elementor-column elementor-col-100 elementor-top-column elementor-element elementor-element-8593ad0\" data-id=\"8593ad0\" data-element_type=\"column\">\n\t\t\t<div class=\"elementor-widget-wrap elementor-element-populated\">\n\t\t\t\t\t\t<div class=\"elementor-element elementor-element-6f790df elementor-widget elementor-widget-bdt-advanced-gmap\" data-id=\"6f790df\" data-element_type=\"widget\" data-widget_type=\"bdt-advanced-gmap.default\">\n\t\t\t\t<div class=\"elementor-widget-container\">\n\t\t\t\t\t\n\t\t\t\n\t\t\n\t\t<div id=\"bdt-advanced-gmap-6f790df\" class=\"bdt-advanced-gmap\" data-map_markers=\"[{&quot;lat&quot;:50.68079,&quot;lng&quot;:6.08031,&quot;title&quot;:&quot;Ardennes Cl\\u00f4tures&quot;,&quot;icon&quot;:&quot;https:\\\/\\\/demo43.atiframe.com\\\/wp-content\\\/uploads\\\/2020\\\/11\\\/map-marker-1-1.svg&quot;,&quot;infoWindow&quot;:{&quot;content&quot;:&quot;&quot;}}]\" data-map_style=\"[ { &quot;featureType&quot;: &quot;water&quot;, &quot;elementType&quot;: &quot;geometry&quot;, &quot;stylers&quot;: [ { &quot;color&quot;: &quot;#e9e9e9&quot; }, { &quot;lightness&quot;: 17 } ] }, { &quot;featureType&quot;: &quot;landscape&quot;, &quot;elementType&quot;: &quot;geometry&quot;, &quot;stylers&quot;: [ { &quot;color&quot;: &quot;#f5f5f5&quot; }, { &quot;lightness&quot;: 20 } ] }, { &quot;featureType&quot;: &quot;road.highway&quot;, &quot;elementType&quot;: &quot;geometry.fill&quot;, &quot;stylers&quot;: [ { &quot;color&quot;: &quot;#ffffff&quot; }, { &quot;lightness&quot;: 17 } ] }, { &quot;featureType&quot;: &quot;road.highway&quot;, &quot;elementType&quot;: &quot;geometry.stroke&quot;, &quot;stylers&quot;: [ { &quot;color&quot;: &quot;#ffffff&quot; }, { &quot;lightness&quot;: 29 }, { &quot;weight&quot;: 0.2 } ] }, { &quot;featureType&quot;: &quot;road.arterial&quot;, &quot;elementType&quot;: &quot;geometry&quot;, &quot;stylers&quot;: [ { &quot;color&quot;: &quot;#ffffff&quot; }, { &quot;lightness&quot;: 18 } ] }, { &quot;featureType&quot;: &quot;road.local&quot;, &quot;elementType&quot;: &quot;geometry&quot;, &quot;stylers&quot;: [ { &quot;color&quot;: &quot;#ffffff&quot; }, { &quot;lightness&quot;: 16 } ] }, { &quot;featureType&quot;: &quot;poi&quot;, &quot;elementType&quot;: &quot;geometry&quot;, &quot;stylers&quot;: [ { &quot;color&quot;: &quot;#f5f5f5&quot; }, { &quot;lightness&quot;: 21 } ] }, { &quot;featureType&quot;: &quot;poi.park&quot;, &quot;elementType&quot;: &quot;geometry&quot;, &quot;stylers&quot;: [ { &quot;color&quot;: &quot;#dedede&quot; }, { &quot;lightness&quot;: 21 } ] }, { &quot;elementType&quot;: &quot;labels.text.stroke&quot;, &quot;stylers&quot;: [ { &quot;visibility&quot;: &quot;on&quot; }, { &quot;color&quot;: &quot;#ffffff&quot; }, { &quot;lightness&quot;: 16 } ] }, { &quot;elementType&quot;: &quot;labels.text.fill&quot;, &quot;stylers&quot;: [ { &quot;saturation&quot;: 36 }, { &quot;color&quot;: &quot;#333333&quot; }, { &quot;lightness&quot;: 40 } ] }, { &quot;elementType&quot;: &quot;labels.icon&quot;, &quot;stylers&quot;: [ { &quot;visibility&quot;: &quot;off&quot; } ] }, { &quot;featureType&quot;: &quot;transit&quot;, &quot;elementType&quot;: &quot;geometry&quot;, &quot;stylers&quot;: [ { &quot;color&quot;: &quot;#f2f2f2&quot; }, { &quot;lightness&quot;: 19 } ] }, { &quot;featureType&quot;: &quot;administrative&quot;, &quot;elementType&quot;: &quot;geometry.fill&quot;, &quot;stylers&quot;: [ { &quot;color&quot;: &quot;#fefefe&quot; }, { &quot;lightness&quot;: 20 } ] }, { &quot;featureType&quot;: &quot;administrative&quot;, &quot;elementType&quot;: &quot;geometry.stroke&quot;, &quot;stylers&quot;: [ { &quot;color&quot;: &quot;#fefefe&quot; }, { &quot;lightness&quot;: 17 }, { &quot;weight&quot;: 1.2 } ] } ]\" data-map_settings=\"{&quot;el&quot;:&quot;#bdt-advanced-gmap-6f790df&quot;,&quot;lat&quot;:&quot;50.68079&quot;,&quot;lng&quot;:&quot;6.08031&quot;,&quot;zoomControl&quot;:true,&quot;zoom&quot;:12,&quot;streetViewControl&quot;:false,&quot;mapTypeControl&quot;:false}\" data-map_geocode=\"false\"><\/div>\n\t\t\n\t\t\t\t\t\t<\/div>\n\t\t\t\t<\/div>\n\t\t\t\t\t<\/div>\n\t\t<\/div>\n\t\t\t\t\t<\/div>\n\t\t<\/section>\n\t\t\t\t<section class=\"elementor-section elementor-inner-section elementor-element elementor-element-41a96ac0 innerContact elementor-section-boxed elementor-section-height-default elementor-section-height-default\" data-id=\"41a96ac0\" data-element_type=\"section\">\n\t\t\t\t\t\t<div class=\"elementor-container elementor-column-gap-default\">\n\t\t\t\t\t<div class=\"elementor-column elementor-col-100 elementor-inner-column elementor-element elementor-element-f4eba8b\" data-id=\"f4eba8b\" data-element_type=\"column\">\n\t\t\t<div class=\"elementor-widget-wrap\">\n\t\t\t\t\t\t\t<\/div>\n\t\t<\/div>\n\t\t\t\t\t<\/div>\n\t\t<\/section>\n\t\t\t\t<\/div>\n\t\t","protected":false},"excerpt":{"rendered":"<p>Contacteer ons Ardennes Cl\u00f4tures staat tot uw dienst! Showroom Ardennes Cl\u00f4tures Rovert, 1A\u00a0B-4731, Eynatten Maatschappelijke zetel Ardennes Cl\u00f4tures Rue des Wallons, 44B-4840 Welkenraedt Een offerte aanvragen Indien u een professioneel of particulier bent en een offerte wenst te ontvangen, gelieve dan onderstaand formulier in te vullen. Professionals Particulieren Onze contactgegevens Ardennes Cl\u00f4tures +32 (0) 87&#8230;<\/p>\n","protected":false},"author":6,"featured_media":0,"parent":0,"menu_order":0,"comment_status":"closed","ping_status":"closed","template":"","meta":{"_acf_changed":false,"_exactmetrics_skip_tracking":false,"_exactmetrics_sitenote_active":false,"_exactmetrics_sitenote_note":"","_exactmetrics_sitenote_category":0,"footnotes":""},"class_list":["post-15989","page","type-page","status-publish","hentry"],"acf":[],"yoast_head":"<!-- This site is optimized with the Yoast SEO plugin v27.4 - https:\/\/yoast.com\/product\/yoast-seo-wordpress\/ -->\n<title>Contact - Ardennes Cl\u00f4tures<\/title>\n<meta name=\"robots\" content=\"index, follow, max-snippet:-1, max-image-preview:large, max-video-preview:-1\" \/>\n<link rel=\"canonical\" href=\"https:\/\/ardennesclotures.be\/nl\/contact\/\" \/>\n<meta property=\"og:locale\" content=\"nl_NL\" \/>\n<meta property=\"og:type\" content=\"article\" \/>\n<meta property=\"og:title\" content=\"Contact - Ardennes Cl\u00f4tures\" \/>\n<meta property=\"og:description\" content=\"Contacteer ons Ardennes Cl\u00f4tures staat tot uw dienst! Showroom Ardennes Cl\u00f4tures Rovert, 1A\u00a0B-4731, Eynatten Maatschappelijke zetel Ardennes Cl\u00f4tures Rue des Wallons, 44B-4840 Welkenraedt Een offerte aanvragen Indien u een professioneel of particulier bent en een offerte wenst te ontvangen, gelieve dan onderstaand formulier in te vullen. Professionals Particulieren Onze contactgegevens Ardennes Cl\u00f4tures +32 (0) 87...\" \/>\n<meta property=\"og:url\" content=\"https:\/\/ardennesclotures.be\/nl\/contact\/\" \/>\n<meta property=\"og:site_name\" content=\"Ardennes Cl\u00f4tures\" \/>\n<meta property=\"article:modified_time\" content=\"2021-11-29T11:50:54+00:00\" \/>\n<meta name=\"twitter:card\" content=\"summary_large_image\" \/>\n<meta name=\"twitter:label1\" content=\"Geschatte leestijd\" \/>\n\t<meta name=\"twitter:data1\" content=\"11 minuten\" \/>\n<script type=\"application\/ld+json\" class=\"yoast-schema-graph\">{\"@context\":\"https:\\\/\\\/schema.org\",\"@graph\":[{\"@type\":\"WebPage\",\"@id\":\"https:\\\/\\\/ardennesclotures.be\\\/nl\\\/contact\\\/\",\"url\":\"https:\\\/\\\/ardennesclotures.be\\\/nl\\\/contact\\\/\",\"name\":\"Contact - Ardennes Cl\u00f4tures\",\"isPartOf\":{\"@id\":\"https:\\\/\\\/ardennesclotures.be\\\/nl\\\/#website\"},\"datePublished\":\"2020-11-23T17:29:29+00:00\",\"dateModified\":\"2021-11-29T11:50:54+00:00\",\"breadcrumb\":{\"@id\":\"https:\\\/\\\/ardennesclotures.be\\\/nl\\\/contact\\\/#breadcrumb\"},\"inLanguage\":\"nl-NL\",\"potentialAction\":[{\"@type\":\"ReadAction\",\"target\":[\"https:\\\/\\\/ardennesclotures.be\\\/nl\\\/contact\\\/\"]}]},{\"@type\":\"BreadcrumbList\",\"@id\":\"https:\\\/\\\/ardennesclotures.be\\\/nl\\\/contact\\\/#breadcrumb\",\"itemListElement\":[{\"@type\":\"ListItem\",\"position\":1,\"name\":\"Home\",\"item\":\"https:\\\/\\\/ardennesclotures.be\\\/nl\\\/\"},{\"@type\":\"ListItem\",\"position\":2,\"name\":\"Contact\"}]},{\"@type\":\"WebSite\",\"@id\":\"https:\\\/\\\/ardennesclotures.be\\\/nl\\\/#website\",\"url\":\"https:\\\/\\\/ardennesclotures.be\\\/nl\\\/\",\"name\":\"Ardennes Cl\u00f4tures\",\"description\":\"\",\"potentialAction\":[{\"@type\":\"SearchAction\",\"target\":{\"@type\":\"EntryPoint\",\"urlTemplate\":\"https:\\\/\\\/ardennesclotures.be\\\/nl\\\/?s={search_term_string}\"},\"query-input\":{\"@type\":\"PropertyValueSpecification\",\"valueRequired\":true,\"valueName\":\"search_term_string\"}}],\"inLanguage\":\"nl-NL\"}]}<\/script>\n<!-- \/ Yoast SEO plugin. -->","yoast_head_json":{"title":"Contact - Ardennes Cl\u00f4tures","robots":{"index":"index","follow":"follow","max-snippet":"max-snippet:-1","max-image-preview":"max-image-preview:large","max-video-preview":"max-video-preview:-1"},"canonical":"https:\/\/ardennesclotures.be\/nl\/contact\/","og_locale":"nl_NL","og_type":"article","og_title":"Contact - Ardennes Cl\u00f4tures","og_description":"Contacteer ons Ardennes Cl\u00f4tures staat tot uw dienst! Showroom Ardennes Cl\u00f4tures Rovert, 1A\u00a0B-4731, Eynatten Maatschappelijke zetel Ardennes Cl\u00f4tures Rue des Wallons, 44B-4840 Welkenraedt Een offerte aanvragen Indien u een professioneel of particulier bent en een offerte wenst te ontvangen, gelieve dan onderstaand formulier in te vullen. Professionals Particulieren Onze contactgegevens Ardennes Cl\u00f4tures +32 (0) 87...","og_url":"https:\/\/ardennesclotures.be\/nl\/contact\/","og_site_name":"Ardennes Cl\u00f4tures","article_modified_time":"2021-11-29T11:50:54+00:00","twitter_card":"summary_large_image","twitter_misc":{"Geschatte leestijd":"11 minuten"},"schema":{"@context":"https:\/\/schema.org","@graph":[{"@type":"WebPage","@id":"https:\/\/ardennesclotures.be\/nl\/contact\/","url":"https:\/\/ardennesclotures.be\/nl\/contact\/","name":"Contact - Ardennes Cl\u00f4tures","isPartOf":{"@id":"https:\/\/ardennesclotures.be\/nl\/#website"},"datePublished":"2020-11-23T17:29:29+00:00","dateModified":"2021-11-29T11:50:54+00:00","breadcrumb":{"@id":"https:\/\/ardennesclotures.be\/nl\/contact\/#breadcrumb"},"inLanguage":"nl-NL","potentialAction":[{"@type":"ReadAction","target":["https:\/\/ardennesclotures.be\/nl\/contact\/"]}]},{"@type":"BreadcrumbList","@id":"https:\/\/ardennesclotures.be\/nl\/contact\/#breadcrumb","itemListElement":[{"@type":"ListItem","position":1,"name":"Home","item":"https:\/\/ardennesclotures.be\/nl\/"},{"@type":"ListItem","position":2,"name":"Contact"}]},{"@type":"WebSite","@id":"https:\/\/ardennesclotures.be\/nl\/#website","url":"https:\/\/ardennesclotures.be\/nl\/","name":"Ardennes Cl\u00f4tures","description":"","potentialAction":[{"@type":"SearchAction","target":{"@type":"EntryPoint","urlTemplate":"https:\/\/ardennesclotures.be\/nl\/?s={search_term_string}"},"query-input":{"@type":"PropertyValueSpecification","valueRequired":true,"valueName":"search_term_string"}}],"inLanguage":"nl-NL"}]}},"_links":{"self":[{"href":"https:\/\/ardennesclotures.be\/nl\/wp-json\/wp\/v2\/pages\/15989","targetHints":{"allow":["GET"]}}],"collection":[{"href":"https:\/\/ardennesclotures.be\/nl\/wp-json\/wp\/v2\/pages"}],"about":[{"href":"https:\/\/ardennesclotures.be\/nl\/wp-json\/wp\/v2\/types\/page"}],"author":[{"embeddable":true,"href":"https:\/\/ardennesclotures.be\/nl\/wp-json\/wp\/v2\/users\/6"}],"replies":[{"embeddable":true,"href":"https:\/\/ardennesclotures.be\/nl\/wp-json\/wp\/v2\/comments?post=15989"}],"version-history":[{"count":26,"href":"https:\/\/ardennesclotures.be\/nl\/wp-json\/wp\/v2\/pages\/15989\/revisions"}],"predecessor-version":[{"id":16309,"href":"https:\/\/ardennesclotures.be\/nl\/wp-json\/wp\/v2\/pages\/15989\/revisions\/16309"}],"wp:attachment":[{"href":"https:\/\/ardennesclotures.be\/nl\/wp-json\/wp\/v2\/media?parent=15989"}],"curies":[{"name":"wp","href":"https:\/\/api.w.org\/{rel}","templated":true}]}}